{"id":12063,"date":"2025-02-26T10:03:31","date_gmt":"2025-02-26T09:03:31","guid":{"rendered":"https:\/\/wissen.soziologie.uni-mainz.de\/?page_id=12063"},"modified":"2025-08-06T10:51:46","modified_gmt":"2025-08-06T08:51:46","slug":"dr-lisa-anders","status":"publish","type":"page","link":"https:\/\/wissen.soziologie.uni-mainz.de\/en\/dr-lisa-anders\/","title":{"rendered":"Lisa Anders"},"content":{"rendered":"\n<div class=\"wp-block-media-text is-stacked-on-mobile is-vertically-aligned-top\" style=\"grid-template-columns:23% auto\"><figure class=\"wp-block-media-text__media\"><img loading=\"lazy\" decoding=\"async\" width=\"202\" height=\"300\" src=\"https:\/\/wissen.soziologie.uni-mainz.de\/wp-content\/uploads\/sites\/427\/2024\/11\/Anders-202x300.jpg\" alt=\"Lisa Anders\" class=\"wp-image-9304 size-medium\" srcset=\"https:\/\/cms.zdv.uni-mainz.de\/fb02-wibiq\/wp-content\/uploads\/sites\/427\/2024\/11\/Anders-202x300.jpg 202w, https:\/\/cms.zdv.uni-mainz.de\/fb02-wibiq\/wp-content\/uploads\/sites\/427\/2024\/11\/Anders-689x1024.jpg 689w, https:\/\/cms.zdv.uni-mainz.de\/fb02-wibiq\/wp-content\/uploads\/sites\/427\/2024\/11\/Anders-768x1142.jpg 768w, https:\/\/cms.zdv.uni-mainz.de\/fb02-wibiq\/wp-content\/uploads\/sites\/427\/2024\/11\/Anders.jpg 955w\" sizes=\"auto, (max-width: 202px) 100vw, 202px\" \/><\/figure><div class=\"wp-block-media-text__content\"><jgu-base-heading react-props=\"{\n    &quot;tags&quot;: {\n        &quot;htmlTag&quot;: &quot;h2&quot;,\n        &quot;classTag&quot;: &quot;h2&quot;,\n        &quot;tag&quot;: &quot;h2.h2&quot;\n    },\n    &quot;heading&quot;: &quot;Dr. Lisa Anders  &quot;,\n    &quot;textAlign&quot;: &quot;left&quot;,\n    &quot;anchor&quot;: &quot;&quot;,\n    &quot;index&quot;: &quot;&quot;,\n    &quot;color&quot;: &quot;red&quot;\n}\"><\/jgu-base-heading>\n\n\n<jgu-base-heading react-props=\"{\n    &quot;tags&quot;: {\n        &quot;htmlTag&quot;: &quot;h3&quot;,\n        &quot;classTag&quot;: &quot;&quot;,\n        &quot;tag&quot;: &quot;h3&quot;\n    },\n    &quot;heading&quot;: &quot;Main areas of work&quot;,\n    &quot;textAlign&quot;: &quot;left&quot;,\n    &quot;anchor&quot;: &quot;&quot;,\n    &quot;index&quot;: &quot;&quot;,\n    &quot;color&quot;: &quot;red&quot;\n}\"><\/jgu-base-heading>\n\n\n\n<p>Phenomenology<br>Science and Technology Studies<br>Sociology of Materiality<br>Practice Theory<br>Sociology of Art<br>Qualitative Methods<br><br>Consultation hours by appointment<\/p>\n\n\n\n<div class=\"wp-block-columns is-layout-flex wp-container-core-columns-is-layout-9d6595d7 wp-block-columns-is-layout-flex\">\n<div class=\"wp-block-column is-vertically-aligned-center is-layout-constrained wp-container-core-column-is-layout-c0cf8e29 wp-block-column-is-layout-constrained\" style=\"flex-basis:50%\"><jgu-base-idm-person react-props=\"{\n    &quot;id&quot;: &quot;2718&quot;,\n    &quot;organizationId&quot;: 382,\n    &quot;roleId&quot;: 33,\n    &quot;link&quot;: &quot;idm&quot;,\n    &quot;skipDetails&quot;: [],\n    &quot;align&quot;: &quot;left&quot;,\n    &quot;color&quot;: &quot;default&quot;,\n    &quot;mode&quot;: &quot;edit&quot;,\n    &quot;linkType&quot;: &quot;idm&quot;\n}\">\n        \n<\/jgu-base-idm-person>\n<\/div>\n\n\n\n<div class=\"wp-block-column is-vertically-aligned-center is-layout-flow wp-block-column-is-layout-flow\"><\/div>\n<\/div>\n<\/div><\/div>\n\n\n<jgu-base-anchornavigation react-props=\"{\n    &quot;theme&quot;: &quot;default&quot;,\n    &quot;align&quot;: &quot;wide&quot;\n}\">\n    \n<\/jgu-base-anchornavigation>\n\n<jgu-base-section react-props=\"{&quot;color&quot;:&quot;white&quot;,&quot;align&quot;:&quot;wide&quot;,&quot;padding&quot;:&quot;medium&quot;}\">\n<div class=\"jgu-bgsection bg bg-white\"><div class=\"content padding-medium\"><div\n\tclass=\"jgu-anchorpoint\"\n\tid=\"curriculum-vitae\"\n\tdata-label=\"Curriculum vitae\"\n\tdata-hide-in-nav=\"false\"\n\ttabindex=\"0\"\n\tdata-initial-scroll=\"true\"\n><\/div>\n\n\n\n<div style=\"height:30px\" aria-hidden=\"true\" class=\"wp-block-spacer\"><\/div>\n\n\n<jgu-base-heading react-props=\"{\n    &quot;tags&quot;: {\n        &quot;htmlTag&quot;: &quot;h2&quot;,\n        &quot;classTag&quot;: &quot;h3&quot;,\n        &quot;tag&quot;: &quot;h2.h3&quot;\n    },\n    &quot;heading&quot;: &quot;&lt;span role=\\&quot;textbox\\&quot; aria-label=\\&quot;Titel\\&quot; class=\\&quot;block-editor-rich-text__editable rich-text\\&quot; style=\\&quot;min-width: 1px\\&quot;&gt;University education&lt;\\\/span&gt;&quot;,\n    &quot;textAlign&quot;: &quot;left&quot;,\n    &quot;anchor&quot;: &quot;&quot;,\n    &quot;index&quot;: &quot;&quot;,\n    &quot;color&quot;: &quot;red&quot;\n}\"><\/jgu-base-heading>\n\n\n\n<p class=\"has-normal-font-size\" id=\"block-73aa8cd8-ea77-4272-a369-5b67cbaf0cc4\">02\/2023<br>Doctorate (Dr. phil.) in the subject of Sociology<br>Title of thesis: Leibliche Wesen in technischer Verschaltung. Zur Soziotechnik des Kampffliegens  <\/p>\n\n\n\n<p class=\"has-normal-font-size\">02\/2015<br>Master of Arts<br>Title of thesis: Die Ausstellung im Blick \u2013 Eine Ethnographie kuratorischen Wissens \u00fcber die Praktiken der Kunstwahrnehmung<\/p>\n\n\n\n<p class=\"has-normal-font-size\">2012-2015<br>Studies of Sociology (Master of Arts), Johannes Gutenberg University Mainz<\/p>\n\n\n\n<p class=\"has-normal-font-size\">02\/2012<br>Bachelor of Arts<br>Title of the thesis: Talking Bodies. Die visuelle Explikation des Impliziten <\/p>\n\n\n\n<p class=\"has-normal-font-size\">2008-2012<br>Studies of Sociology and Political Science (Bachelor of Arts), Johannes Gutenberg University Mainz<\/p>\n\n\n\n<div style=\"height:30px\" aria-hidden=\"true\" class=\"wp-block-spacer\"><\/div>\n\n\n<jgu-base-heading react-props=\"{\n    &quot;tags&quot;: {\n        &quot;htmlTag&quot;: &quot;h2&quot;,\n        &quot;classTag&quot;: &quot;h3&quot;,\n        &quot;tag&quot;: &quot;h2.h3&quot;\n    },\n    &quot;heading&quot;: &quot;Appointments \\\/ Academic positions&quot;,\n    &quot;textAlign&quot;: &quot;left&quot;,\n    &quot;anchor&quot;: &quot;&quot;,\n    &quot;index&quot;: &quot;&quot;,\n    &quot;color&quot;: &quot;red&quot;\n}\"><\/jgu-base-heading>\n\n\n\n<p class=\"has-normal-font-size\">since 10\/2015<br>Research associate, Institute for Sociology, Johannes Gutenberg University Mainz<\/p>\n\n\n\n<p class=\"has-normal-font-size\">2010-2014<br>Graduate assistant and tutor, Institute of Sociology, Johannes Gutenberg University Mainz<\/p>\n<\/div><\/div>\n<\/jgu-base-section>\n\n<jgu-base-section react-props=\"{&quot;color&quot;:&quot;light&quot;,&quot;align&quot;:&quot;wide&quot;,&quot;padding&quot;:&quot;medium&quot;}\">\n<div class=\"jgu-bgsection bg bg-light\"><div class=\"content padding-medium\"><div\n\tclass=\"jgu-anchorpoint\"\n\tid=\"publications\"\n\tdata-label=\"Publications\"\n\tdata-hide-in-nav=\"false\"\n\ttabindex=\"0\"\n\tdata-initial-scroll=\"true\"\n><\/div>\n\n\n\n<div style=\"height:30px\" aria-hidden=\"true\" class=\"wp-block-spacer\"><\/div>\n\n\n<jgu-base-heading react-props=\"{\n    &quot;tags&quot;: {\n        &quot;htmlTag&quot;: &quot;h2&quot;,\n        &quot;classTag&quot;: &quot;h3&quot;,\n        &quot;tag&quot;: &quot;h2.h3&quot;\n    },\n    &quot;heading&quot;: &quot;Publications&quot;,\n    &quot;textAlign&quot;: &quot;left&quot;,\n    &quot;anchor&quot;: &quot;&quot;,\n    &quot;index&quot;: &quot;&quot;,\n    &quot;color&quot;: &quot;red&quot;\n}\"><\/jgu-base-heading>\n\n\n\n<p class=\"has-normal-font-size\">(2024): Postphenomenology Unchained: Rethinking Human-Technology-World Relations as Enroulement. Human Studies: A Journal for Philosophy and the Social Science (together with Christiane Sch\u00fcrkmann). <a href=\"https:\/\/link.springer.com\/article\/10.1007\/s10746-024-09746-1?utm_source=rct_congratemailt&amp;utm_medium=email&amp;utm_campaign=oa_20240723&amp;utm_content=10.1007%2Fs10746-024-09746-1\"> Link to the article<\/a><\/p>\n\n\n\n<p class=\"has-normal-font-size\">(2021): Materialit\u00e4t der Wahrnehmung. Einblicke in die kuratorische Praxis. In: Christiane Sch\u00fcrkmann\/Nina Tessa Zahner (eds.): Wahrnehmen als soziale Praxis. K\u00fcnste und Sinne im Zusammenspiel. Wiesbaden: VS.    <\/p>\n\n\n\n<p class=\"has-normal-font-size\">(2020): Maschinen und ihre Menschen. Kampffliegen und die Einpassung des Menschen. In: Sociologia Internationalis 58.   <a href=\"https:\/\/elibrary.duncker-humblot.com\/article\/72583\/maschinen-und-ihre-menschen\">Link to the article<\/a><\/p>\n\n\n\n<div style=\"height:33px\" aria-hidden=\"true\" class=\"wp-block-spacer\"><\/div>\n\n\n<jgu-base-heading react-props=\"{\n    &quot;tags&quot;: {\n        &quot;htmlTag&quot;: &quot;h2&quot;,\n        &quot;classTag&quot;: &quot;h3&quot;,\n        &quot;tag&quot;: &quot;h2.h3&quot;\n    },\n    &quot;heading&quot;: &quot;Lectures&quot;,\n    &quot;textAlign&quot;: &quot;left&quot;,\n    &quot;anchor&quot;: &quot;&quot;,\n    &quot;index&quot;: &quot;&quot;,\n    &quot;color&quot;: &quot;red&quot;\n}\"><\/jgu-base-heading>\n\n\n\n<p class=\"has-normal-font-size\">Techno-Organic Environments. Exploring the Intersections of Technology, Humans, and Nature in Military Aviation and Robotics. Webinar of the Posthumanities Hub, Link\u00f6ping University, 30.05.2024 (together with Hannah Link).  <\/p>\n\n\n\n<p class=\"has-normal-font-size\">Challenging Environments. The Outside of Technosciences. Inaugural Conference of STSing &#8220;Leakage&#8221;, TU Dresden, 22.03.2024 (together with Hannah Link).  <\/p>\n\n\n\n<p class=\"has-normal-font-size\">Unwirtliche H\u00f6hen und steinige Tiefen. Zur Fragilit\u00e4t soziotechnischer Ph\u00e4nomene in wirkm\u00e4chtigen Welten, 7. Jahrestagung des Interdisziplin\u00e4ren Arbeitskreises f\u00fcr Ph\u00e4nomenologien und Soziologie (IAPS) der DGS-Sektion Soziologische Theorien, &#8220;Ph\u00e4nomenologie der Technik und das Soziale&#8221;, FAU Erlangen-N\u00fcrnberg, 2023. (together with Christiane Sch\u00fcrkmann)  <\/p>\n\n\n\n<p class=\"has-normal-font-size\">Menschenmaterial \u2013 Werkst\u00fcck \u2013 \u203aSkyborg\u2039? Zur Eingliederung von Kampfpilot:innen in soziotechnische Systeme. 41. Kongress der Deutschen Gesellschaft f\u00fcr Soziologie, \u201ePolarisierte Welten\u201c, University of Bielefeld, 26. \u2013 30. September 2022.  <\/p>\n\n\n\n<p class=\"has-normal-font-size\">Loss of Control. Zur soziomateriellen Bearbeitung von K\u00f6rpern im Feld der Kampfpiloten. 4. Tagung des &#8220;Interdisziplin\u00e4ren Arbeitskreises Ph\u00e4nomenologien und Soziologie&#8221; (IAPS) der DGS Sektion Soziologische Theorie, &#8220;Stress. Ph\u00e4nomenologische Perspektiven auf ein soziales Problem&#8221;, University of Passau, 27.-28. June 2019.   <\/p>\n\n\n\n<p class=\"has-normal-font-size\">Materiality of perception. Insights into curatorial practice. Annual conference \u201cPerception as social practice. K\u00fcnste und Sinne im Zusammenspiel\u201d of the DGS working group Sociology of the Arts, Kunstakademie D\u00fcsseldorf, April 4-5, 2019.   <\/p>\n<\/div><\/div>\n<\/jgu-base-section>\n\n<jgu-base-section react-props=\"{&quot;color&quot;:&quot;white&quot;,&quot;align&quot;:&quot;wide&quot;,&quot;padding&quot;:&quot;medium&quot;}\">\n<div class=\"jgu-bgsection bg bg-white\"><div class=\"content padding-medium\"><div\n\tclass=\"jgu-anchorpoint\"\n\tid=\"teaching\"\n\tdata-label=\"Teaching\"\n\tdata-hide-in-nav=\"false\"\n\ttabindex=\"0\"\n\tdata-initial-scroll=\"true\"\n><\/div>\n\n\n\n<div style=\"height:24px\" aria-hidden=\"true\" class=\"wp-block-spacer\"><\/div>\n\n\n<jgu-base-heading react-props=\"{\n    &quot;color&quot;: &quot;default&quot;,\n    &quot;tags&quot;: {\n        &quot;htmlTag&quot;: &quot;h2&quot;,\n        &quot;classTag&quot;: &quot;h3&quot;,\n        &quot;tag&quot;: &quot;h2.h3&quot;\n    },\n    &quot;heading&quot;: &quot;Qualitative methods&quot;,\n    &quot;textAlign&quot;: &quot;left&quot;,\n    &quot;anchor&quot;: &quot;&quot;,\n    &quot;index&quot;: &quot;&quot;\n}\"><\/jgu-base-heading>\n\n\n\n<p class=\"has-normal-font-size\">Seminar: Research Workshop II (ethnography) (since summer semester 2017)<br>Seminar: Research Workshop I (ethnography) (since winter semester 2016\/17)<\/p>\n\n\n<jgu-base-heading react-props=\"{\n    &quot;color&quot;: &quot;default&quot;,\n    &quot;tags&quot;: {\n        &quot;htmlTag&quot;: &quot;h2&quot;,\n        &quot;classTag&quot;: &quot;h3&quot;,\n        &quot;tag&quot;: &quot;h2.h3&quot;\n    },\n    &quot;heading&quot;: &quot;Sociology of education&quot;,\n    &quot;textAlign&quot;: &quot;left&quot;,\n    &quot;anchor&quot;: &quot;&quot;,\n    &quot;index&quot;: &quot;&quot;\n}\"><\/jgu-base-heading>\n\n\n\n<p class=\"has-normal-font-size\">Lecture: Sociology of Education (since winter semester 2023\/24)<br>Seminar: Communication and Interaction (summer semester 2016)<br>Seminar: Equality and Difference in Schools and Teaching (winter semester 2015\/16)<\/p>\n\n\n<jgu-base-heading react-props=\"{\n    &quot;color&quot;: &quot;default&quot;,\n    &quot;tags&quot;: {\n        &quot;htmlTag&quot;: &quot;h2&quot;,\n        &quot;classTag&quot;: &quot;h3&quot;,\n        &quot;tag&quot;: &quot;h2.h3&quot;\n    },\n    &quot;heading&quot;: &quot;Miscellaneous&quot;,\n    &quot;textAlign&quot;: &quot;left&quot;,\n    &quot;anchor&quot;: &quot;&quot;,\n    &quot;index&quot;: &quot;&quot;\n}\"><\/jgu-base-heading>\n\n\n\n<p class=\"has-normal-font-size\">07\/2017<br>Participation in the Henry Arnhold Dresden Summer School 2017<br>&#8220;Materialit\u00e4t. Neue Perspektiven auf Kultur und Technologie&#8221; <\/p>\n\n\n\n<div style=\"height:90px\" aria-hidden=\"true\" class=\"wp-block-spacer\"><\/div>\n\n\n<div\n\tclass=\"jgu-anchorpoint\"\n\tid=\"dissertation-project\"\n\tdata-label=\"Dissertation project\"\n\tdata-hide-in-nav=\"false\"\n\ttabindex=\"0\"\n\tdata-initial-scroll=\"true\"\n><\/div>\n\n\n<jgu-base-heading react-props=\"{\n    &quot;tags&quot;: {\n        &quot;htmlTag&quot;: &quot;h2&quot;,\n        &quot;classTag&quot;: &quot;&quot;,\n        &quot;tag&quot;: &quot;h2&quot;\n    },\n    &quot;heading&quot;: &quot;&lt;strong&gt;Kampffliegen \\u2013 Eine Ethnografie zwischen Leib, Technik und Welt&lt;\\\/strong&gt; &quot;,\n    &quot;textAlign&quot;: &quot;left&quot;,\n    &quot;anchor&quot;: &quot;&quot;,\n    &quot;index&quot;: &quot;&quot;,\n    &quot;color&quot;: &quot;red&quot;\n}\"><\/jgu-base-heading>\n\n\n\n<p class=\"has-normal-font-size\">\/     <\/p>\n\n\n\n<p class=\"has-normal-font-size\">\/ <\/p>\n<\/div><\/div>\n<\/jgu-base-section>    <div style=\"display: none\">\n        \n    <\/div>","protected":false},"excerpt":{"rendered":"","protected":false},"author":699,"featured_media":0,"parent":0,"menu_order":0,"comment_status":"closed","ping_status":"closed","template":"","meta":{"footnotes":""},"categories":[],"tags":[],"class_list":["post-12063","page","type-page","status-publish","hentry"],"content_raw":"<!-- wp:media-text {\"mediaId\":9304,\"mediaLink\":\"https:\/\/cms.zdv.uni-mainz.de\/fb02-wibiq\/?attachment_id=9304\",\"mediaType\":\"image\",\"mediaWidth\":23,\"mediaSizeSlug\":\"medium\",\"verticalAlignment\":\"top\",\"metadata\":{\"name\":\"marcelthielwoznica\"}} -->\n<div class=\"wp-block-media-text is-stacked-on-mobile is-vertically-aligned-top\" style=\"grid-template-columns:23% auto\"><figure class=\"wp-block-media-text__media\"><img src=\"https:\/\/cms.zdv.uni-mainz.de\/fb02-wibiq\/wp-content\/uploads\/sites\/427\/2024\/11\/Anders-202x300.jpg\" alt=\"Lisa Anders\" class=\"wp-image-9304 size-medium\" \/><\/figure><div class=\"wp-block-media-text__content\"><!-- wp:jgu\/heading {\"tags\":{\"htmlTag\":\"h2\",\"classTag\":\"h2\",\"tag\":\"h2.h2\"},\"heading\":\"Dr. Lisa Anders  \"} \/-->\n\n<!-- wp:jgu\/heading {\"tags\":{\"htmlTag\":\"h3\",\"classTag\":\"\",\"tag\":\"h3\"},\"heading\":\"Main areas of work\"} \/-->\n\n<!-- wp:paragraph -->\n<p>Phenomenology<br>Science and Technology Studies<br>Sociology of Materiality<br>Practice Theory<br>Sociology of Art<br>Qualitative Methods<br><br>Consultation hours by appointment<\/p>\n<!-- \/wp:paragraph -->\n\n<!-- wp:columns -->\n<div class=\"wp-block-columns\"><!-- wp:column {\"verticalAlignment\":\"center\",\"width\":\"50%\",\"layout\":{\"type\":\"constrained\",\"contentSize\":\"100%\"}} -->\n<div class=\"wp-block-column is-vertically-aligned-center\" style=\"flex-basis:50%\"><!-- wp:jgu\/idm-person {\"id\":\"2718\",\"organizationId\":382,\"roleId\":33} \/--><\/div>\n<!-- \/wp:column -->\n\n<!-- wp:column {\"verticalAlignment\":\"center\"} -->\n<div class=\"wp-block-column is-vertically-aligned-center\"><\/div>\n<!-- \/wp:column --><\/div>\n<!-- \/wp:columns --><\/div><\/div>\n<!-- \/wp:media-text -->\n\n<!-- wp:jgu\/anchornavigation {\"theme\":\"default\"} \/-->\n\n<!-- wp:jgu\/section {\"color\": \"white\"} -->\n<div class=\"jgu-bgsection bg bg-white\"><div class=\"content padding-medium\"><!-- wp:jgu\/anchorpoint {\"title\":\"Curriculum vitae\",\"slug\":\"curriculum-vitae\"} \/-->\n\n<!-- wp:spacer {\"height\":\"30px\"} -->\n<div style=\"height:30px\" aria-hidden=\"true\" class=\"wp-block-spacer\"><\/div>\n<!-- \/wp:spacer -->\n\n<!-- wp:jgu\/heading {\"tags\":{\"htmlTag\":\"h2\",\"classTag\":\"h3\",\"tag\":\"h2.h3\"},\"heading\":\"\\u003cspan role=\\u0022textbox\\u0022 aria-label=\\u0022Titel\\u0022 class=\\u0022block-editor-rich-text__editable rich-text\\u0022 style=\\u0022min-width: 1px\\u0022\\u003eUniversity education\\u003c\/span\\u003e\"} \/-->\n\n<!-- wp:paragraph {\"fontSize\":\"normal\"} -->\n<p class=\"has-normal-font-size\" id=\"block-73aa8cd8-ea77-4272-a369-5b67cbaf0cc4\">02\/2023<br>Doctorate (Dr. phil.) in the subject of Sociology<br>Title of thesis: Leibliche Wesen in technischer Verschaltung. Zur Soziotechnik des Kampffliegens  <\/p>\n<!-- \/wp:paragraph -->\n\n<!-- wp:paragraph {\"fontSize\":\"normal\"} -->\n<p class=\"has-normal-font-size\">02\/2015<br>Master of Arts<br>Title of thesis: Die Ausstellung im Blick \u2013 Eine Ethnographie kuratorischen Wissens \u00fcber die Praktiken der Kunstwahrnehmung<\/p>\n<!-- \/wp:paragraph -->\n\n<!-- wp:paragraph {\"fontSize\":\"normal\"} -->\n<p class=\"has-normal-font-size\">2012-2015<br>Studies of Sociology (Master of Arts), Johannes Gutenberg University Mainz<\/p>\n<!-- \/wp:paragraph -->\n\n<!-- wp:paragraph {\"fontSize\":\"normal\"} -->\n<p class=\"has-normal-font-size\">02\/2012<br>Bachelor of Arts<br>Title of the thesis: Talking Bodies. Die visuelle Explikation des Impliziten <\/p>\n<!-- \/wp:paragraph -->\n\n<!-- wp:paragraph {\"fontSize\":\"normal\"} -->\n<p class=\"has-normal-font-size\">2008-2012<br>Studies of Sociology and Political Science (Bachelor of Arts), Johannes Gutenberg University Mainz<\/p>\n<!-- \/wp:paragraph -->\n\n<!-- wp:spacer {\"height\":\"30px\"} -->\n<div style=\"height:30px\" aria-hidden=\"true\" class=\"wp-block-spacer\"><\/div>\n<!-- \/wp:spacer -->\n\n<!-- wp:jgu\/heading {\"tags\":{\"htmlTag\":\"h2\",\"classTag\":\"h3\",\"tag\":\"h2.h3\"},\"heading\":\"Appointments \/ Academic positions\"} \/-->\n\n<!-- wp:paragraph {\"fontSize\":\"normal\"} -->\n<p class=\"has-normal-font-size\">since 10\/2015<br>Research associate, Institute for Sociology, Johannes Gutenberg University Mainz<\/p>\n<!-- \/wp:paragraph -->\n\n<!-- wp:paragraph {\"fontSize\":\"normal\"} -->\n<p class=\"has-normal-font-size\">2010-2014<br>Graduate assistant and tutor, Institute of Sociology, Johannes Gutenberg University Mainz<\/p>\n<!-- \/wp:paragraph --><\/div><\/div>\n<!-- \/wp:jgu\/section -->\n\n<!-- wp:jgu\/section {\"color\": \"light\"} -->\n<div class=\"jgu-bgsection bg bg-light\"><div class=\"content padding-medium\"><!-- wp:jgu\/anchorpoint {\"title\":\"Publications\",\"slug\":\"publications\"} \/-->\n\n<!-- wp:spacer {\"height\":\"30px\"} -->\n<div style=\"height:30px\" aria-hidden=\"true\" class=\"wp-block-spacer\"><\/div>\n<!-- \/wp:spacer -->\n\n<!-- wp:jgu\/heading {\"tags\":{\"htmlTag\":\"h2\",\"classTag\":\"h3\",\"tag\":\"h2.h3\"},\"heading\":\"Publications\"} \/-->\n\n<!-- wp:paragraph {\"fontSize\":\"normal\"} -->\n<p class=\"has-normal-font-size\">(2024): Postphenomenology Unchained: Rethinking Human-Technology-World Relations as Enroulement. Human Studies: A Journal for Philosophy and the Social Science (together with Christiane Sch\u00fcrkmann). <a href=\"https:\/\/link.springer.com\/article\/10.1007\/s10746-024-09746-1?utm_source=rct_congratemailt&amp;utm_medium=email&amp;utm_campaign=oa_20240723&amp;utm_content=10.1007%2Fs10746-024-09746-1\"> Link to the article<\/a><\/p>\n<!-- \/wp:paragraph -->\n\n<!-- wp:paragraph {\"fontSize\":\"normal\"} -->\n<p class=\"has-normal-font-size\">(2021): Materialit\u00e4t der Wahrnehmung. Einblicke in die kuratorische Praxis. In: Christiane Sch\u00fcrkmann\/Nina Tessa Zahner (eds.): Wahrnehmen als soziale Praxis. K\u00fcnste und Sinne im Zusammenspiel. Wiesbaden: VS.    <\/p>\n<!-- \/wp:paragraph -->\n\n<!-- wp:paragraph {\"fontSize\":\"normal\"} -->\n<p class=\"has-normal-font-size\">(2020): Maschinen und ihre Menschen. Kampffliegen und die Einpassung des Menschen. In: Sociologia Internationalis 58.   <a href=\"https:\/\/elibrary.duncker-humblot.com\/article\/72583\/maschinen-und-ihre-menschen\">Link to the article<\/a><\/p>\n<!-- \/wp:paragraph -->\n\n<!-- wp:spacer {\"height\":\"33px\"} -->\n<div style=\"height:33px\" aria-hidden=\"true\" class=\"wp-block-spacer\"><\/div>\n<!-- \/wp:spacer -->\n\n<!-- wp:jgu\/heading {\"tags\":{\"htmlTag\":\"h2\",\"classTag\":\"h3\",\"tag\":\"h2.h3\"},\"heading\":\"Lectures\"} \/-->\n\n<!-- wp:paragraph {\"fontSize\":\"normal\"} -->\n<p class=\"has-normal-font-size\">Techno-Organic Environments. Exploring the Intersections of Technology, Humans, and Nature in Military Aviation and Robotics. Webinar of the Posthumanities Hub, Link\u00f6ping University, 30.05.2024 (together with Hannah Link).  <\/p>\n<!-- \/wp:paragraph -->\n\n<!-- wp:paragraph {\"fontSize\":\"normal\"} -->\n<p class=\"has-normal-font-size\">Challenging Environments. The Outside of Technosciences. Inaugural Conference of STSing \"Leakage\", TU Dresden, 22.03.2024 (together with Hannah Link).  <\/p>\n<!-- \/wp:paragraph -->\n\n<!-- wp:paragraph {\"fontSize\":\"normal\"} -->\n<p class=\"has-normal-font-size\">Unwirtliche H\u00f6hen und steinige Tiefen. Zur Fragilit\u00e4t soziotechnischer Ph\u00e4nomene in wirkm\u00e4chtigen Welten, 7. Jahrestagung des Interdisziplin\u00e4ren Arbeitskreises f\u00fcr Ph\u00e4nomenologien und Soziologie (IAPS) der DGS-Sektion Soziologische Theorien, \"Ph\u00e4nomenologie der Technik und das Soziale\", FAU Erlangen-N\u00fcrnberg, 2023. (together with Christiane Sch\u00fcrkmann)  <\/p>\n<!-- \/wp:paragraph -->\n\n<!-- wp:paragraph {\"fontSize\":\"normal\"} -->\n<p class=\"has-normal-font-size\">Menschenmaterial \u2013 Werkst\u00fcck \u2013 \u203aSkyborg\u2039? Zur Eingliederung von Kampfpilot:innen in soziotechnische Systeme. 41. Kongress der Deutschen Gesellschaft f\u00fcr Soziologie, \u201ePolarisierte Welten\u201c, University of Bielefeld, 26. \u2013 30. September 2022.  <\/p>\n<!-- \/wp:paragraph -->\n\n<!-- wp:paragraph {\"fontSize\":\"normal\"} -->\n<p class=\"has-normal-font-size\">Loss of Control. Zur soziomateriellen Bearbeitung von K\u00f6rpern im Feld der Kampfpiloten. 4. Tagung des \"Interdisziplin\u00e4ren Arbeitskreises Ph\u00e4nomenologien und Soziologie\" (IAPS) der DGS Sektion Soziologische Theorie, \"Stress. Ph\u00e4nomenologische Perspektiven auf ein soziales Problem\", University of Passau, 27.-28. June 2019.   <\/p>\n<!-- \/wp:paragraph -->\n\n<!-- wp:paragraph {\"fontSize\":\"normal\"} -->\n<p class=\"has-normal-font-size\">Materiality of perception. Insights into curatorial practice. Annual conference \u201cPerception as social practice. K\u00fcnste und Sinne im Zusammenspiel\u201d of the DGS working group Sociology of the Arts, Kunstakademie D\u00fcsseldorf, April 4-5, 2019.   <\/p>\n<!-- \/wp:paragraph --><\/div><\/div>\n<!-- \/wp:jgu\/section -->\n\n<!-- wp:jgu\/section {\"color\": \"white\"} -->\n<div class=\"jgu-bgsection bg bg-white\"><div class=\"content padding-medium\"><!-- wp:jgu\/anchorpoint {\"title\":\"Teaching\",\"slug\":\"teaching\"} \/-->\n\n<!-- wp:spacer {\"height\":\"24px\"} -->\n<div style=\"height:24px\" aria-hidden=\"true\" class=\"wp-block-spacer\"><\/div>\n<!-- \/wp:spacer -->\n\n<!-- wp:jgu\/heading {\"color\":\"default\",\"tags\":{\"htmlTag\":\"h2\",\"classTag\":\"h3\",\"tag\":\"h2.h3\"},\"heading\":\"Qualitative methods\"} \/-->\n\n<!-- wp:paragraph {\"fontSize\":\"normal\"} -->\n<p class=\"has-normal-font-size\">Seminar: Research Workshop II (ethnography) (since summer semester 2017)<br>Seminar: Research Workshop I (ethnography) (since winter semester 2016\/17)<\/p>\n<!-- \/wp:paragraph -->\n\n<!-- wp:jgu\/heading {\"color\":\"default\",\"tags\":{\"htmlTag\":\"h2\",\"classTag\":\"h3\",\"tag\":\"h2.h3\"},\"heading\":\"Sociology of education\"} \/-->\n\n<!-- wp:paragraph {\"fontSize\":\"normal\"} -->\n<p class=\"has-normal-font-size\">Lecture: Sociology of Education (since winter semester 2023\/24)<br>Seminar: Communication and Interaction (summer semester 2016)<br>Seminar: Equality and Difference in Schools and Teaching (winter semester 2015\/16)<\/p>\n<!-- \/wp:paragraph -->\n\n<!-- wp:jgu\/heading {\"color\":\"default\",\"tags\":{\"htmlTag\":\"h2\",\"classTag\":\"h3\",\"tag\":\"h2.h3\"},\"heading\":\"Miscellaneous\"} \/-->\n\n<!-- wp:paragraph {\"fontSize\":\"normal\"} -->\n<p class=\"has-normal-font-size\">07\/2017<br>Participation in the Henry Arnhold Dresden Summer School 2017<br>\"Materialit\u00e4t. Neue Perspektiven auf Kultur und Technologie\" <\/p>\n<!-- \/wp:paragraph -->\n\n<!-- wp:spacer -->\n<div style=\"height:90px\" aria-hidden=\"true\" class=\"wp-block-spacer\"><\/div>\n<!-- \/wp:spacer -->\n\n<!-- wp:jgu\/anchorpoint {\"title\":\"Dissertation project\",\"slug\":\"dissertation-project\"} \/-->\n\n<!-- wp:jgu\/heading {\"tags\":{\"htmlTag\":\"h2\",\"classTag\":\"\",\"tag\":\"h2\"},\"heading\":\"\\u003cstrong\\u003eKampffliegen \u2013 Eine Ethnografie zwischen Leib, Technik und Welt\\u003c\/strong\\u003e \"} \/-->\n\n<!-- wp:paragraph {\"fontSize\":\"normal\"} -->\n<p class=\"has-normal-font-size\">\/     <\/p>\n<!-- \/wp:paragraph -->\n\n<!-- wp:paragraph {\"fontSize\":\"normal\"} -->\n<p class=\"has-normal-font-size\">\/ <\/p>\n<!-- \/wp:paragraph --><\/div><\/div>\n<!-- \/wp:jgu\/section -->","_links":{"self":[{"href":"https:\/\/wissen.soziologie.uni-mainz.de\/en\/wp-json\/wp\/v2\/pages\/12063","targetHints":{"allow":["GET"]}}],"collection":[{"href":"https:\/\/wissen.soziologie.uni-mainz.de\/en\/wp-json\/wp\/v2\/pages"}],"about":[{"href":"https:\/\/wissen.soziologie.uni-mainz.de\/en\/wp-json\/wp\/v2\/types\/page"}],"author":[{"embeddable":true,"href":"https:\/\/wissen.soziologie.uni-mainz.de\/en\/wp-json\/wp\/v2\/users\/699"}],"replies":[{"embeddable":true,"href":"https:\/\/wissen.soziologie.uni-mainz.de\/en\/wp-json\/wp\/v2\/comments?post=12063"}],"version-history":[{"count":13,"href":"https:\/\/wissen.soziologie.uni-mainz.de\/en\/wp-json\/wp\/v2\/pages\/12063\/revisions"}],"predecessor-version":[{"id":12808,"href":"https:\/\/wissen.soziologie.uni-mainz.de\/en\/wp-json\/wp\/v2\/pages\/12063\/revisions\/12808"}],"wp:attachment":[{"href":"https:\/\/wissen.soziologie.uni-mainz.de\/en\/wp-json\/wp\/v2\/media?parent=12063"}],"wp:term":[{"taxonomy":"category","embeddable":true,"href":"https:\/\/wissen.soziologie.uni-mainz.de\/en\/wp-json\/wp\/v2\/categories?post=12063"},{"taxonomy":"post_tag","embeddable":true,"href":"https:\/\/wissen.soziologie.uni-mainz.de\/en\/wp-json\/wp\/v2\/tags?post=12063"}],"curies":[{"name":"wp","href":"https:\/\/api.w.org\/{rel}","templated":true}]}}