{"id":12210,"date":"2025-02-26T12:43:58","date_gmt":"2025-02-26T11:43:58","guid":{"rendered":"https:\/\/wissen.soziologie.uni-mainz.de\/?page_id=12210"},"modified":"2025-05-07T09:44:05","modified_gmt":"2025-05-07T07:44:05","slug":"tobias-schwarz","status":"publish","type":"page","link":"https:\/\/wissen.soziologie.uni-mainz.de\/en\/tobias-schwarz\/","title":{"rendered":"Tobias Schwarz (M.A.)"},"content":{"rendered":"\n<div class=\"wp-block-media-text is-stacked-on-mobile is-vertically-aligned-top\" style=\"grid-template-columns:35% auto\"><figure class=\"wp-block-media-text__media\"><img loading=\"lazy\" decoding=\"async\" width=\"806\" height=\"1024\" src=\"https:\/\/wissen.soziologie.uni-mainz.de\/wp-content\/uploads\/sites\/427\/2025\/04\/tobias-schwarz-1-806x1024.jpg\" alt=\"\" class=\"wp-image-11711 size-medium\" srcset=\"https:\/\/cms.zdv.uni-mainz.de\/fb02-wibiq\/wp-content\/uploads\/sites\/427\/2025\/04\/tobias-schwarz-1-806x1024.jpg 806w, https:\/\/cms.zdv.uni-mainz.de\/fb02-wibiq\/wp-content\/uploads\/sites\/427\/2025\/04\/tobias-schwarz-1-236x300.jpg 236w, https:\/\/cms.zdv.uni-mainz.de\/fb02-wibiq\/wp-content\/uploads\/sites\/427\/2025\/04\/tobias-schwarz-1-768x976.jpg 768w, https:\/\/cms.zdv.uni-mainz.de\/fb02-wibiq\/wp-content\/uploads\/sites\/427\/2025\/04\/tobias-schwarz-1.jpg 1007w\" sizes=\"auto, (max-width: 806px) 100vw, 806px\" \/><\/figure><div class=\"wp-block-media-text__content\"><jgu-base-heading react-props=\"{\n    &quot;tags&quot;: {\n        &quot;htmlTag&quot;: &quot;h2&quot;,\n        &quot;classTag&quot;: &quot;h2&quot;,\n        &quot;tag&quot;: &quot;h2.h2&quot;\n    },\n    &quot;heading&quot;: &quot;Tobias Schwarz (M.A.)&quot;,\n    &quot;textAlign&quot;: &quot;left&quot;,\n    &quot;anchor&quot;: &quot;&quot;,\n    &quot;index&quot;: &quot;&quot;,\n    &quot;color&quot;: &quot;red&quot;\n}\"><\/jgu-base-heading>\n\n\n<jgu-base-heading react-props=\"{\n    &quot;tags&quot;: {\n        &quot;htmlTag&quot;: &quot;h3&quot;,\n        &quot;classTag&quot;: &quot;&quot;,\n        &quot;tag&quot;: &quot;h3&quot;\n    },\n    &quot;heading&quot;: &quot;Main areas of work&quot;,\n    &quot;textAlign&quot;: &quot;left&quot;,\n    &quot;anchor&quot;: &quot;&quot;,\n    &quot;index&quot;: &quot;&quot;,\n    &quot;color&quot;: &quot;red&quot;\n}\"><\/jgu-base-heading>\n\n\n\n<p>Science studies<br>Subject theory<br>Affect theory<br>Qualitative methods<\/p>\n\n\n\n<p><br>Consultation hours by appointment<\/p>\n\n\n\n<div class=\"wp-block-columns is-layout-flex wp-container-core-columns-is-layout-9d6595d7 wp-block-columns-is-layout-flex\">\n<div class=\"wp-block-column is-vertically-aligned-center is-layout-constrained wp-container-core-column-is-layout-c0cf8e29 wp-block-column-is-layout-constrained\" style=\"flex-basis:50%\"><jgu-base-idm-person react-props=\"{\n    &quot;id&quot;: &quot;259016&quot;,\n    &quot;organizationId&quot;: 624,\n    &quot;roleId&quot;: 16,\n    &quot;name&quot;: &quot;&quot;,\n    &quot;link&quot;: &quot;idm&quot;,\n    &quot;skipDetails&quot;: [],\n    &quot;align&quot;: &quot;left&quot;,\n    &quot;color&quot;: &quot;default&quot;,\n    &quot;mode&quot;: &quot;edit&quot;,\n    &quot;linkType&quot;: &quot;idm&quot;\n}\">\n        \n<\/jgu-base-idm-person>\n<\/div>\n\n\n\n<div class=\"wp-block-column is-vertically-aligned-center is-layout-flow wp-block-column-is-layout-flow\"><\/div>\n<\/div>\n<\/div><\/div>\n\n\n<jgu-base-anchornavigation react-props=\"{\n    &quot;theme&quot;: &quot;default&quot;,\n    &quot;align&quot;: &quot;wide&quot;\n}\">\n    \n<\/jgu-base-anchornavigation>\n\n<jgu-base-section react-props=\"{&quot;color&quot;:&quot;white&quot;,&quot;align&quot;:&quot;wide&quot;,&quot;padding&quot;:&quot;medium&quot;}\">\n<div class=\"jgu-bgsection bg bg-white\"><div class=\"content padding-medium\"><div\n\tclass=\"jgu-anchorpoint\"\n\tid=\"curriculum-vitae\"\n\tdata-label=\"Curriculum vitae\"\n\tdata-hide-in-nav=\"false\"\n\ttabindex=\"0\"\n\tdata-initial-scroll=\"true\"\n><\/div>\n\n\n\n<div style=\"height:30px\" aria-hidden=\"true\" class=\"wp-block-spacer\"><\/div>\n\n\n<jgu-base-heading react-props=\"{\n    &quot;tags&quot;: {\n        &quot;htmlTag&quot;: &quot;h2&quot;,\n        &quot;classTag&quot;: &quot;h3&quot;,\n        &quot;tag&quot;: &quot;h2.h3&quot;\n    },\n    &quot;heading&quot;: &quot;&lt;span role=\\&quot;textbox\\&quot; aria-label=\\&quot;Titel\\&quot; class=\\&quot;block-editor-rich-text__editable rich-text\\&quot; style=\\&quot;min-width: 1px\\&quot;&gt;University education&lt;\\\/span&gt;&quot;,\n    &quot;textAlign&quot;: &quot;left&quot;,\n    &quot;anchor&quot;: &quot;&quot;,\n    &quot;index&quot;: &quot;&quot;,\n    &quot;color&quot;: &quot;red&quot;\n}\"><\/jgu-base-heading>\n\n\n\n<p class=\"has-normal-font-size\" id=\"block-73aa8cd8-ea77-4272-a369-5b67cbaf0cc4\">09\/2024<br>Master of Arts.<br>Title of thesis: Zwischen Souver\u00e4nit\u00e4t und Unverf\u00fcgbarkeit. \u00dcber Selbst-Theorie-Verh\u00e4ltnisse in der Soziologie <\/p>\n\n\n\n<p class=\"has-normal-font-size\">2021-2024<br>Studies of Sociology (Master of Arts), Johannes Gutenberg-University Mainz<\/p>\n\n\n\n<p class=\"has-normal-font-size\">08\/2021<br>Bachelor of Arts.<br>Title of thesis: Qualit\u00e4tsvorstellungen in den Citizen Science. Das Beispiel &#8220;\u00d6sterreich forscht&#8221; aus einer bewertungssoziologischen Perspektive. <\/p>\n\n\n\n<p class=\"has-normal-font-size\">2017-2021<br>Studies of Sociology and Communication Studies (Bachelor of Arts), Johannes Gutenberg University Mainz<\/p>\n\n\n\n<div style=\"height:30px\" aria-hidden=\"true\" class=\"wp-block-spacer\"><\/div>\n\n\n<jgu-base-heading react-props=\"{\n    &quot;tags&quot;: {\n        &quot;htmlTag&quot;: &quot;h2&quot;,\n        &quot;classTag&quot;: &quot;h3&quot;,\n        &quot;tag&quot;: &quot;h2.h3&quot;\n    },\n    &quot;heading&quot;: &quot;Appointments \\\/ Academic positions&quot;,\n    &quot;textAlign&quot;: &quot;left&quot;,\n    &quot;anchor&quot;: &quot;&quot;,\n    &quot;index&quot;: &quot;&quot;,\n    &quot;color&quot;: &quot;red&quot;\n}\"><\/jgu-base-heading>\n\n\n\n<p class=\"has-normal-font-size\">since 2024<br>Research associate, Institute of Sociology, Johannes Gutenberg University Mainz<\/p>\n\n\n\n<p class=\"has-normal-font-size\">2019-2024<br>Student assistant, Institute of Sociology, Johannes Gutenberg University Mainz<\/p>\n<\/div><\/div>\n<\/jgu-base-section>\n\n<jgu-base-section react-props=\"{&quot;color&quot;:&quot;white&quot;,&quot;align&quot;:&quot;wide&quot;,&quot;padding&quot;:&quot;medium&quot;}\">\n<div class=\"jgu-bgsection bg bg-white\"><div class=\"content padding-medium\"><div\n\tclass=\"jgu-anchorpoint\"\n\tid=\"teaching\"\n\tdata-label=\"Teaching\"\n\tdata-hide-in-nav=\"false\"\n\ttabindex=\"0\"\n\tdata-initial-scroll=\"true\"\n><\/div>\n\n\n\n<div style=\"height:24px\" aria-hidden=\"true\" class=\"wp-block-spacer\"><\/div>\n\n\n<jgu-base-heading react-props=\"{\n    &quot;tags&quot;: {\n        &quot;htmlTag&quot;: &quot;h2&quot;,\n        &quot;classTag&quot;: &quot;h3&quot;,\n        &quot;tag&quot;: &quot;h2.h3&quot;\n    },\n    &quot;heading&quot;: &quot;Qualitative methods&quot;,\n    &quot;textAlign&quot;: &quot;left&quot;,\n    &quot;anchor&quot;: &quot;&quot;,\n    &quot;index&quot;: &quot;&quot;,\n    &quot;color&quot;: &quot;red&quot;\n}\"><\/jgu-base-heading>\n\n\n\n<p class=\"has-normal-font-size\">Seminar: Methods of qualitative empirical social research (WiSe 2024\/25)<br>Tutorial: Cultures of knowledge (WiSe 2023\/24, SoSe 2024)<strong><br><\/strong>Tutorial: <strong> <\/strong>Methods of qualitative empirical social research (WiSe 2022\/23)<\/p>\n<\/div><\/div>\n<\/jgu-base-section>\n\n<div\n\tclass=\"jgu-anchorpoint\"\n\tid=\"dissertation-project\"\n\tdata-label=\"Dissertation project\"\n\tdata-hide-in-nav=\"false\"\n\ttabindex=\"0\"\n\tdata-initial-scroll=\"true\"\n><\/div>\n\n\n<jgu-base-heading react-props=\"{\n    &quot;tags&quot;: {\n        &quot;htmlTag&quot;: &quot;h2&quot;,\n        &quot;classTag&quot;: &quot;h3&quot;,\n        &quot;tag&quot;: &quot;h2.h3&quot;\n    },\n    &quot;heading&quot;: &quot;Das Begehren nach Theorie. Affekte und Imaginationen theoretisierender K\\u00f6rper (Arbeitstitel) \\\/ The desire for theory. Affects and imaginations of theorizing bodies (working title) &quot;,\n    &quot;textAlign&quot;: &quot;left&quot;,\n    &quot;anchor&quot;: &quot;&quot;,\n    &quot;index&quot;: &quot;&quot;,\n    &quot;color&quot;: &quot;red&quot;\n}\"><\/jgu-base-heading>\n\n\n\n<p>Programs of study dedicated to the practices of empirical research, writing and theorizing document an increased interest in the knowledge activities of sociologists. Particular attention is paid to the question of how theory is practiced in Sociology. The doctoral dissertation follows on from this question, but shifts the perspective: it is interested in the subjects of theorizing and thus in those who practice theory, and it examines the expectations, desires and affects that accompany the practice of theory. From this perspective, theorizing is thus understood not only as a cognitive activity, but as an embodied, living (socio-individual) process that is inextricably intertwined with social, emotional and unconscious dynamics. Theory is therefore not only a &#8220;tool&#8221; of cognition, but also an expression of the subjective entanglements of the theory drivers with their objects and the (social) world. Conceptually, the work operates at the interface of science studies, psychoanalytic cultural theory and philosophical anthropology.     <\/p>\n    <div style=\"display: none\">\n        \n    <\/div>","protected":false},"excerpt":{"rendered":"<p>Programs of study dedicated to the practices of empirical research, writing and theorizing document an increased interest in the knowledge activities of sociologists. Particular attention is paid to the question of how theory is practiced in Sociology. The doctoral dissertation follows on from this question, but shifts the perspective: it is interested in the subjects &hellip; <a href=\"https:\/\/wissen.soziologie.uni-mainz.de\/en\/tobias-schwarz\/\">Continued<\/a><\/p>\n","protected":false},"author":1488,"featured_media":0,"parent":0,"menu_order":0,"comment_status":"closed","ping_status":"closed","template":"","meta":{"footnotes":""},"categories":[],"tags":[],"class_list":["post-12210","page","type-page","status-publish","hentry"],"content_raw":"<!-- wp:media-text {\"mediaId\":11711,\"mediaLink\":\"https:\/\/wissen.soziologie.uni-mainz.de\/tobias-schwarz-2\/\",\"mediaType\":\"image\",\"mediaWidth\":35,\"mediaSizeSlug\":\"medium\",\"verticalAlignment\":\"top\",\"metadata\":{\"name\":\"marcelthielwoznica\"}} -->\n<div class=\"wp-block-media-text is-stacked-on-mobile is-vertically-aligned-top\" style=\"grid-template-columns:35% auto\"><figure class=\"wp-block-media-text__media\"><img src=\"https:\/\/cms.zdv.uni-mainz.de\/fb02-wibiq\/wp-content\/uploads\/sites\/427\/2025\/04\/tobias-schwarz-1-806x1024.jpg\" alt=\"\" class=\"wp-image-11711 size-medium\" \/><\/figure><div class=\"wp-block-media-text__content\"><!-- wp:jgu\/heading {\"tags\":{\"htmlTag\":\"h2\",\"classTag\":\"h2\",\"tag\":\"h2.h2\"},\"heading\":\"Tobias Schwarz (M.A.)\"} \/-->\n\n<!-- wp:jgu\/heading {\"tags\":{\"htmlTag\":\"h3\",\"classTag\":\"\",\"tag\":\"h3\"},\"heading\":\"Main areas of work\"} \/-->\n\n<!-- wp:paragraph -->\n<p>Science studies<br>Subject theory<br>Affect theory<br>Qualitative methods<\/p>\n<!-- \/wp:paragraph -->\n\n<!-- wp:paragraph -->\n<p><br>Consultation hours by appointment<\/p>\n<!-- \/wp:paragraph -->\n\n<!-- wp:columns -->\n<div class=\"wp-block-columns\"><!-- wp:column {\"verticalAlignment\":\"center\",\"width\":\"50%\",\"layout\":{\"type\":\"constrained\",\"contentSize\":\"100%\"}} -->\n<div class=\"wp-block-column is-vertically-aligned-center\" style=\"flex-basis:50%\"><!-- wp:jgu\/idm-person {\"id\":\"259016\",\"organizationId\":624,\"roleId\":16} \/--><\/div>\n<!-- \/wp:column -->\n\n<!-- wp:column {\"verticalAlignment\":\"center\"} -->\n<div class=\"wp-block-column is-vertically-aligned-center\"><\/div>\n<!-- \/wp:column --><\/div>\n<!-- \/wp:columns --><\/div><\/div>\n<!-- \/wp:media-text -->\n\n<!-- wp:jgu\/anchornavigation {\"theme\":\"default\"} \/-->\n\n<!-- wp:jgu\/section {\"color\": \"white\"} -->\n<div class=\"jgu-bgsection bg bg-white\"><div class=\"content padding-medium\"><!-- wp:jgu\/anchorpoint {\"title\":\"Curriculum vitae\",\"slug\":\"curriculum-vitae\"} \/-->\n\n<!-- wp:spacer {\"height\":\"30px\"} -->\n<div style=\"height:30px\" aria-hidden=\"true\" class=\"wp-block-spacer\"><\/div>\n<!-- \/wp:spacer -->\n\n<!-- wp:jgu\/heading {\"tags\":{\"htmlTag\":\"h2\",\"classTag\":\"h3\",\"tag\":\"h2.h3\"},\"heading\":\"\\u003cspan role=\\u0022textbox\\u0022 aria-label=\\u0022Titel\\u0022 class=\\u0022block-editor-rich-text__editable rich-text\\u0022 style=\\u0022min-width: 1px\\u0022\\u003eUniversity education\\u003c\/span\\u003e\"} \/-->\n\n<!-- wp:paragraph {\"fontSize\":\"normal\"} -->\n<p class=\"has-normal-font-size\" id=\"block-73aa8cd8-ea77-4272-a369-5b67cbaf0cc4\">09\/2024<br>Master of Arts.<br>Title of thesis: Zwischen Souver\u00e4nit\u00e4t und Unverf\u00fcgbarkeit. \u00dcber Selbst-Theorie-Verh\u00e4ltnisse in der Soziologie <\/p>\n<!-- \/wp:paragraph -->\n\n<!-- wp:paragraph {\"fontSize\":\"normal\"} -->\n<p class=\"has-normal-font-size\">2021-2024<br>Studies of Sociology (Master of Arts), Johannes Gutenberg-University Mainz<\/p>\n<!-- \/wp:paragraph -->\n\n<!-- wp:paragraph {\"fontSize\":\"normal\"} -->\n<p class=\"has-normal-font-size\">08\/2021<br>Bachelor of Arts.<br>Title of thesis: Qualit\u00e4tsvorstellungen in den Citizen Science. Das Beispiel \"\u00d6sterreich forscht\" aus einer bewertungssoziologischen Perspektive. <\/p>\n<!-- \/wp:paragraph -->\n\n<!-- wp:paragraph {\"fontSize\":\"normal\"} -->\n<p class=\"has-normal-font-size\">2017-2021<br>Studies of Sociology and Communication Studies (Bachelor of Arts), Johannes Gutenberg University Mainz<\/p>\n<!-- \/wp:paragraph -->\n\n<!-- wp:spacer {\"height\":\"30px\"} -->\n<div style=\"height:30px\" aria-hidden=\"true\" class=\"wp-block-spacer\"><\/div>\n<!-- \/wp:spacer -->\n\n<!-- wp:jgu\/heading {\"tags\":{\"htmlTag\":\"h2\",\"classTag\":\"h3\",\"tag\":\"h2.h3\"},\"heading\":\"Appointments \/ Academic positions\"} \/-->\n\n<!-- wp:paragraph {\"fontSize\":\"normal\"} -->\n<p class=\"has-normal-font-size\">since 2024<br>Research associate, Institute of Sociology, Johannes Gutenberg University Mainz<\/p>\n<!-- \/wp:paragraph -->\n\n<!-- wp:paragraph {\"fontSize\":\"normal\"} -->\n<p class=\"has-normal-font-size\">2019-2024<br>Student assistant, Institute of Sociology, Johannes Gutenberg University Mainz<\/p>\n<!-- \/wp:paragraph --><\/div><\/div>\n<!-- \/wp:jgu\/section -->\n\n<!-- wp:jgu\/section {\"color\": \"white\"} -->\n<div class=\"jgu-bgsection bg bg-white\"><div class=\"content padding-medium\"><!-- wp:jgu\/anchorpoint {\"title\":\"Teaching\",\"slug\":\"teaching\"} \/-->\n\n<!-- wp:spacer {\"height\":\"24px\"} -->\n<div style=\"height:24px\" aria-hidden=\"true\" class=\"wp-block-spacer\"><\/div>\n<!-- \/wp:spacer -->\n\n<!-- wp:jgu\/heading {\"tags\":{\"htmlTag\":\"h2\",\"classTag\":\"h3\",\"tag\":\"h2.h3\"},\"heading\":\"Qualitative methods\"} \/-->\n\n<!-- wp:paragraph {\"fontSize\":\"normal\"} -->\n<p class=\"has-normal-font-size\">Seminar: Methods of qualitative empirical social research (WiSe 2024\/25)<br>Tutorial: Cultures of knowledge (WiSe 2023\/24, SoSe 2024)<strong><br><\/strong>Tutorial: <strong> <\/strong>Methods of qualitative empirical social research (WiSe 2022\/23)<\/p>\n<!-- \/wp:paragraph --><\/div><\/div>\n<!-- \/wp:jgu\/section -->\n\n<!-- wp:jgu\/anchorpoint {\"title\":\"Dissertation project\",\"slug\":\"dissertation-project\"} \/-->\n\n<!-- wp:jgu\/heading {\"tags\":{\"htmlTag\":\"h2\",\"classTag\":\"h3\",\"tag\":\"h2.h3\"},\"heading\":\"Das Begehren nach Theorie. Affekte und Imaginationen theoretisierender K\u00f6rper (Arbeitstitel) \/ The desire for theory. Affects and imaginations of theorizing bodies (working title) \"} \/-->\n\n<!-- wp:paragraph -->\n<p>Programs of study dedicated to the practices of empirical research, writing and theorizing document an increased interest in the knowledge activities of sociologists. Particular attention is paid to the question of how theory is practiced in Sociology. The doctoral dissertation follows on from this question, but shifts the perspective: it is interested in the subjects of theorizing and thus in those who practice theory, and it examines the expectations, desires and affects that accompany the practice of theory. From this perspective, theorizing is thus understood not only as a cognitive activity, but as an embodied, living (socio-individual) process that is inextricably intertwined with social, emotional and unconscious dynamics. Theory is therefore not only a \"tool\" of cognition, but also an expression of the subjective entanglements of the theory drivers with their objects and the (social) world. Conceptually, the work operates at the interface of science studies, psychoanalytic cultural theory and philosophical anthropology.     <\/p>\n<!-- \/wp:paragraph -->","_links":{"self":[{"href":"https:\/\/wissen.soziologie.uni-mainz.de\/en\/wp-json\/wp\/v2\/pages\/12210","targetHints":{"allow":["GET"]}}],"collection":[{"href":"https:\/\/wissen.soziologie.uni-mainz.de\/en\/wp-json\/wp\/v2\/pages"}],"about":[{"href":"https:\/\/wissen.soziologie.uni-mainz.de\/en\/wp-json\/wp\/v2\/types\/page"}],"author":[{"embeddable":true,"href":"https:\/\/wissen.soziologie.uni-mainz.de\/en\/wp-json\/wp\/v2\/users\/1488"}],"replies":[{"embeddable":true,"href":"https:\/\/wissen.soziologie.uni-mainz.de\/en\/wp-json\/wp\/v2\/comments?post=12210"}],"version-history":[{"count":4,"href":"https:\/\/wissen.soziologie.uni-mainz.de\/en\/wp-json\/wp\/v2\/pages\/12210\/revisions"}],"predecessor-version":[{"id":12321,"href":"https:\/\/wissen.soziologie.uni-mainz.de\/en\/wp-json\/wp\/v2\/pages\/12210\/revisions\/12321"}],"wp:attachment":[{"href":"https:\/\/wissen.soziologie.uni-mainz.de\/en\/wp-json\/wp\/v2\/media?parent=12210"}],"wp:term":[{"taxonomy":"category","embeddable":true,"href":"https:\/\/wissen.soziologie.uni-mainz.de\/en\/wp-json\/wp\/v2\/categories?post=12210"},{"taxonomy":"post_tag","embeddable":true,"href":"https:\/\/wissen.soziologie.uni-mainz.de\/en\/wp-json\/wp\/v2\/tags?post=12210"}],"curies":[{"name":"wp","href":"https:\/\/api.w.org\/{rel}","templated":true}]}}